{"id":971,"date":"2023-02-06T19:39:22","date_gmt":"2023-02-06T19:39:22","guid":{"rendered":"https:\/\/maturinolawoffice.com\/?page_id=971"},"modified":"2023-02-16T18:02:42","modified_gmt":"2023-02-16T18:02:42","slug":"area-of-practice","status":"publish","type":"page","link":"https:\/\/maturinolawoffice.com\/es\/area-of-practice\/","title":{"rendered":"\u00c1rea de Pr\u00e1ctica"},"content":{"rendered":"<div data-elementor-type=\"wp-page\" data-elementor-id=\"971\" class=\"elementor elementor-971\">\n\t\t\t\t\t\t\t\t\t<section class=\"elementor-section elementor-top-section elementor-element elementor-element-6922468 elementor-section-boxed elementor-section-height-default elementor-section-height-default\" data-id=\"6922468\" data-element_type=\"section\">\n\t\t\t\t\t\t<div class=\"elementor-container elementor-column-gap-default\">\n\t\t\t\t\t<div class=\"elementor-column elementor-col-100 elementor-top-column elementor-element elementor-element-537b9d5\" data-id=\"537b9d5\" data-element_type=\"column\">\n\t\t\t<div class=\"elementor-widget-wrap elementor-element-populated\">\n\t\t\t\t\t\t\t\t<div class=\"elementor-element elementor-element-fefe04b elementor-widget elementor-widget-heading\" data-id=\"fefe04b\" data-element_type=\"widget\" data-widget_type=\"heading.default\">\n\t\t\t\t<div class=\"elementor-widget-container\">\n\t\t\t<style>\/*! elementor - v3.10.0 - 09-01-2023 *\/\n.elementor-heading-title{padding:0;margin:0;line-height:1}.elementor-widget-heading .elementor-heading-title[class*=elementor-size-]>a{color:inherit;font-size:inherit;line-height:inherit}.elementor-widget-heading .elementor-heading-title.elementor-size-small{font-size:15px}.elementor-widget-heading .elementor-heading-title.elementor-size-medium{font-size:19px}.elementor-widget-heading .elementor-heading-title.elementor-size-large{font-size:29px}.elementor-widget-heading .elementor-heading-title.elementor-size-xl{font-size:39px}.elementor-widget-heading .elementor-heading-title.elementor-size-xxl{font-size:59px}<\/style><h2 class=\"elementor-heading-title elementor-size-default\">Reclamaci\u00f3nes por lesiones personales <\/h2>\t\t<\/div>\n\t\t\t\t<\/div>\n\t\t\t\t<div class=\"elementor-element elementor-element-26df655 elementor-widget elementor-widget-text-editor\" data-id=\"26df655\" data-element_type=\"widget\" data-widget_type=\"text-editor.default\">\n\t\t\t\t<div class=\"elementor-widget-container\">\n\t\t\t<style>\/*! elementor - v3.10.0 - 09-01-2023 *\/\n.elementor-widget-text-editor.elementor-drop-cap-view-stacked .elementor-drop-cap{background-color:#818a91;color:#fff}.elementor-widget-text-editor.elementor-drop-cap-view-framed .elementor-drop-cap{color:#818a91;border:3px solid;background-color:transparent}.elementor-widget-text-editor:not(.elementor-drop-cap-view-default) .elementor-drop-cap{margin-top:8px}.elementor-widget-text-editor:not(.elementor-drop-cap-view-default) .elementor-drop-cap-letter{width:1em;height:1em}.elementor-widget-text-editor .elementor-drop-cap{float:left;text-align:center;line-height:1;font-size:50px}.elementor-widget-text-editor .elementor-drop-cap-letter{display:inline-block}<\/style>\t\t\t\t<p style=\"font-variant-ligatures: normal; font-variant-caps: normal; font-family: Rubik; font-size: 18px; font-style: normal; font-weight: 400;\">Nuestra oficina se especializa en representar a las personas que se han lesionado en accidentes automobil\u00edsticos. Con m\u00e1s de treinta siete a\u00f1os de experiencia, lucimos el conocimiento y capacidad para llevar a cabo este tipo de reclamaci\u00f3n\u00a0<\/p><p style=\"font-variant-ligatures: normal; font-variant-caps: normal; font-family: Rubik; font-size: 18px; font-style: normal; font-weight: 400;\">A los que se han lesionado, les brindamos apoyo en la investigaci\u00f3n del caso, colecci\u00f3n de la evidencia, la reparaci\u00f3n del veh\u00edculo, y encontrar cuidado medico. Por supuesto, tambi\u00e9n ofrecemos nuestra gran experiencia en obtener resoluciones monetarias justas para nuestros clientes.\u00a0<\/p>\t\t\t\t\t\t<\/div>\n\t\t\t\t<\/div>\n\t\t\t\t<div class=\"elementor-element elementor-element-b397c53 elementor-widget elementor-widget-heading\" data-id=\"b397c53\" data-element_type=\"widget\" data-widget_type=\"heading.default\">\n\t\t\t\t<div class=\"elementor-widget-container\">\n\t\t\t<h2 class=\"elementor-heading-title elementor-size-default\">Investigaci\u00f3n del caso <\/h2>\t\t<\/div>\n\t\t\t\t<\/div>\n\t\t\t\t<div class=\"elementor-element elementor-element-0525805 elementor-widget elementor-widget-text-editor\" data-id=\"0525805\" data-element_type=\"widget\" data-widget_type=\"text-editor.default\">\n\t\t\t\t<div class=\"elementor-widget-container\">\n\t\t\t\t\t\t\t<p>Our clients will not have to worry about getting a police report, interviewing witnesses, filing DMV reports or the hassle of\u00a0 contacting the other party or their insurance company, as we will do all of that for them, and much more.\u00a0<\/p>\t\t\t\t\t\t<\/div>\n\t\t\t\t<\/div>\n\t\t\t\t<div class=\"elementor-element elementor-element-61aefb8 elementor-widget elementor-widget-heading\" data-id=\"61aefb8\" data-element_type=\"widget\" data-widget_type=\"heading.default\">\n\t\t\t\t<div class=\"elementor-widget-container\">\n\t\t\t<h2 class=\"elementor-heading-title elementor-size-default\">Reparaci\u00f3n del veh\u00edculo<\/h2>\t\t<\/div>\n\t\t\t\t<\/div>\n\t\t\t\t<div class=\"elementor-element elementor-element-aad7f56 elementor-widget elementor-widget-text-editor\" data-id=\"aad7f56\" data-element_type=\"widget\" data-widget_type=\"text-editor.default\">\n\t\t\t\t<div class=\"elementor-widget-container\">\n\t\t\t\t\t\t\t<p>Lucharemos para que la compa\u00f1\u00eda de seguro pague por las reparaciones del veh\u00edculo o por la perdida total si es necesaria. Conseguir un coche rentado, reembolso por el remolque, el 'deductible,' o cualquier otro da\u00f1o no cubierto por el seguro tambi\u00e9n son nuestras prioridades, y especializamos en hacer todo esto para nuestros cliente.\u00a0<\/p>\t\t\t\t\t\t<\/div>\n\t\t\t\t<\/div>\n\t\t\t\t<div class=\"elementor-element elementor-element-7c728aa elementor-widget elementor-widget-heading\" data-id=\"7c728aa\" data-element_type=\"widget\" data-widget_type=\"heading.default\">\n\t\t\t\t<div class=\"elementor-widget-container\">\n\t\t\t<h2 class=\"elementor-heading-title elementor-size-default\">Cuidado medico <\/h2>\t\t<\/div>\n\t\t\t\t<\/div>\n\t\t\t\t<div class=\"elementor-element elementor-element-b8670f1 elementor-widget elementor-widget-text-editor\" data-id=\"b8670f1\" data-element_type=\"widget\" data-widget_type=\"text-editor.default\">\n\t\t\t\t<div class=\"elementor-widget-container\">\n\t\t\t\t\t\t\t<p>One of our priorities is to obtain qualified medical providers who can render the necessary medical care for our clients. Medical providers will see our clients on a &#8220;lien bases,&#8221; which means they will agree to provide immediate medical services, with the payment being delayed until the client&#8217;s case is settled.\u00a0<\/p>\t\t\t\t\t\t<\/div>\n\t\t\t\t<\/div>\n\t\t\t\t<div class=\"elementor-element elementor-element-3c579c0 elementor-widget elementor-widget-heading\" data-id=\"3c579c0\" data-element_type=\"widget\" data-widget_type=\"heading.default\">\n\t\t\t\t<div class=\"elementor-widget-container\">\n\t\t\t<h2 class=\"elementor-heading-title elementor-size-default\">Resoluci\u00f3n monetaria<\/h2>\t\t<\/div>\n\t\t\t\t<\/div>\n\t\t\t\t<div class=\"elementor-element elementor-element-63efa0c elementor-widget elementor-widget-text-editor\" data-id=\"63efa0c\" data-element_type=\"widget\" data-widget_type=\"text-editor.default\">\n\t\t\t\t<div class=\"elementor-widget-container\">\n\t\t\t\t\t\t\t<p>Once medical treatment has been concluded, we will collect all medical bills and records, along with any other evidence needed to prepare and submit a claim settlement packet to the insurance company. With our decades of experience, we know how to best present and argue claims, obtaining a fair and reasonable settlement for our clients. We take great care to make sure that obtained settlements pay for outstanding medical bills and our legal services, putting money in our client&#8217;s pocket for pain, suffering and inconvenience. From the beginning, it is always our goal to have our clients fully satisfied with our legal services and their final claim settlement.\u00a0<\/p>\t\t\t\t\t\t<\/div>\n\t\t\t\t<\/div>\n\t\t\t\t\t<\/div>\n\t\t<\/div>\n\t\t\t\t\t\t\t<\/div>\n\t\t<\/section>\n\t\t\t\t\t\t\t<\/div>","protected":false},"excerpt":{"rendered":"<p>Personal Injury Claims Our office concentrates in representing people who have been injured in automobile accidents (Personal Injury Claims).\u00a0 With over thirty-seven years of experience, we have the knowledge and skill to competently handle these types of claims.\u00a0 For those injured in a motor vehicle collision, we provide case investigation, evidence collection, vehicle repair assistance, [&hellip;]<\/p>","protected":false},"author":1,"featured_media":0,"parent":0,"menu_order":0,"comment_status":"closed","ping_status":"closed","template":"","meta":[],"_links":{"self":[{"href":"https:\/\/maturinolawoffice.com\/es\/wp-json\/wp\/v2\/pages\/971"}],"collection":[{"href":"https:\/\/maturinolawoffice.com\/es\/wp-json\/wp\/v2\/pages"}],"about":[{"href":"https:\/\/maturinolawoffice.com\/es\/wp-json\/wp\/v2\/types\/page"}],"author":[{"embeddable":true,"href":"https:\/\/maturinolawoffice.com\/es\/wp-json\/wp\/v2\/users\/1"}],"replies":[{"embeddable":true,"href":"https:\/\/maturinolawoffice.com\/es\/wp-json\/wp\/v2\/comments?post=971"}],"version-history":[{"count":32,"href":"https:\/\/maturinolawoffice.com\/es\/wp-json\/wp\/v2\/pages\/971\/revisions"}],"predecessor-version":[{"id":1014,"href":"https:\/\/maturinolawoffice.com\/es\/wp-json\/wp\/v2\/pages\/971\/revisions\/1014"}],"wp:attachment":[{"href":"https:\/\/maturinolawoffice.com\/es\/wp-json\/wp\/v2\/media?parent=971"}],"curies":[{"name":"wp","href":"https:\/\/api.w.org\/{rel}","templated":true}]}}